{"id":217,"date":"2023-02-08T16:53:20","date_gmt":"2023-02-08T15:53:20","guid":{"rendered":"https:\/\/favsneakers.com\/imprint\/"},"modified":"2025-04-10T14:06:53","modified_gmt":"2025-04-10T12:06:53","slug":"menciones-legales","status":"publish","type":"page","link":"https:\/\/favsneakers.com\/es\/menciones-legales\/","title":{"rendered":"Menciones legales"},"content":{"rendered":"\n<h1 class=\"wp-block-heading\"><strong>Menciones legales<\/strong><\/h1>\n\n\n\n<p>U&amp;M Online Marketing GbR<\/p>\n\n\n\n<p>Sulzbacher Str. 48<\/p>\n\n\n\n<p>90489 Nuremberg<\/p>\n\n\n\n<h2 class=\"wp-block-heading\"><strong>Contacto:<\/strong><\/h2>\n\n\n\n<p>Correo electr\u00f3nico: <a href=\"mailto:hey@favsneakers.com\">hey@favsneakers.com<\/a><\/p>\n\n\n\n<p>Representantes autorizados: Nico M\u00e4rzh\u00e4user, Nikita Umanski-Kellnar<\/p>\n\n\n\n<p>Plataforma de la Comisi\u00f3n de la UE para la resoluci\u00f3n de litigios en l\u00ednea: https:\/\/ec.europa.eu\/consumers\/odr\/<\/p>\n\n\n\n<p>No estamos obligados ni dispuestos a participar en un procedimiento de resoluci\u00f3n de litigios ante una junta arbitral de consumo.<\/p>\n","protected":false},"excerpt":{"rendered":"<p>Menciones legales U&amp;M Online Marketing GbR Sulzbacher Str. 48 90489 Nuremberg Contacto: Correo electr\u00f3nico: hey@favsneakers.com Representantes autorizados: Nico M\u00e4rzh\u00e4user, Nikita Umanski-Kellnar Plataforma de la Comisi\u00f3n de la UE para la resoluci\u00f3n de litigios en l\u00ednea: https:\/\/ec.europa.eu\/consumers\/odr\/ No estamos obligados ni dispuestos a participar en un procedimiento de resoluci\u00f3n de litigios ante una junta arbitral de [&hellip;]<\/p>\n","protected":false},"author":2,"featured_media":0,"parent":0,"menu_order":0,"comment_status":"closed","ping_status":"closed","template":"","meta":{"footnotes":""},"class_list":["post-217","page","type-page","status-publish"],"yoast_head":"<!-- This site is optimized with the Yoast SEO plugin v27.5 - https:\/\/yoast.com\/product\/yoast-seo-wordpress\/ -->\n<title>Menciones legales - favsneakers.com<\/title>\n<meta name=\"robots\" content=\"noindex, follow\" \/>\n<meta property=\"og:locale\" content=\"es_ES\" \/>\n<meta property=\"og:type\" content=\"article\" \/>\n<meta property=\"og:title\" content=\"Menciones legales - favsneakers.com\" \/>\n<meta property=\"og:description\" content=\"Menciones legales U&amp;M Online Marketing GbR Sulzbacher Str. 48 90489 Nuremberg Contacto: Correo electr\u00f3nico: hey@favsneakers.com Representantes autorizados: Nico M\u00e4rzh\u00e4user, Nikita Umanski-Kellnar Plataforma de la Comisi\u00f3n de la UE para la resoluci\u00f3n de litigios en l\u00ednea: https:\/\/ec.europa.eu\/consumers\/odr\/ No estamos obligados ni dispuestos a participar en un procedimiento de resoluci\u00f3n de litigios ante una junta arbitral de [&hellip;]\" \/>\n<meta property=\"og:url\" content=\"https:\/\/favsneakers.com\/es\/menciones-legales\/\" \/>\n<meta property=\"og:site_name\" content=\"favsneakers.com\" \/>\n<meta property=\"article:modified_time\" content=\"2025-04-10T12:06:53+00:00\" \/>\n<meta name=\"twitter:card\" content=\"summary_large_image\" \/>\n<meta name=\"twitter:label1\" content=\"Tiempo de lectura\" \/>\n\t<meta name=\"twitter:data1\" content=\"1 minuto\" \/>\n<script type=\"application\/ld+json\" class=\"yoast-schema-graph\">{\"@context\":\"https:\\\/\\\/schema.org\",\"@graph\":[{\"@type\":\"WebPage\",\"@id\":\"https:\\\/\\\/favsneakers.com\\\/es\\\/menciones-legales\\\/\",\"url\":\"https:\\\/\\\/favsneakers.com\\\/es\\\/menciones-legales\\\/\",\"name\":\"Menciones legales - favsneakers.com\",\"isPartOf\":{\"@id\":\"https:\\\/\\\/favsneakers.com\\\/#website\"},\"datePublished\":\"2023-02-08T15:53:20+00:00\",\"dateModified\":\"2025-04-10T12:06:53+00:00\",\"breadcrumb\":{\"@id\":\"https:\\\/\\\/favsneakers.com\\\/es\\\/menciones-legales\\\/#breadcrumb\"},\"inLanguage\":\"es\",\"potentialAction\":[{\"@type\":\"ReadAction\",\"target\":[\"https:\\\/\\\/favsneakers.com\\\/es\\\/menciones-legales\\\/\"]}]},{\"@type\":\"BreadcrumbList\",\"@id\":\"https:\\\/\\\/favsneakers.com\\\/es\\\/menciones-legales\\\/#breadcrumb\",\"itemListElement\":[{\"@type\":\"ListItem\",\"position\":1,\"name\":\"Startseite\",\"item\":\"https:\\\/\\\/favsneakers.com\\\/es\\\/\"},{\"@type\":\"ListItem\",\"position\":2,\"name\":\"Menciones legales\"}]},{\"@type\":\"WebSite\",\"@id\":\"https:\\\/\\\/favsneakers.com\\\/#website\",\"url\":\"https:\\\/\\\/favsneakers.com\\\/\",\"name\":\"favsneakers.com\",\"description\":\"\",\"potentialAction\":[{\"@type\":\"SearchAction\",\"target\":{\"@type\":\"EntryPoint\",\"urlTemplate\":\"https:\\\/\\\/favsneakers.com\\\/?s={search_term_string}\"},\"query-input\":{\"@type\":\"PropertyValueSpecification\",\"valueRequired\":true,\"valueName\":\"search_term_string\"}}],\"inLanguage\":\"es\"}]}<\/script>\n<!-- \/ Yoast SEO plugin. -->","yoast_head_json":{"title":"Menciones legales - favsneakers.com","robots":{"index":"noindex","follow":"follow"},"og_locale":"es_ES","og_type":"article","og_title":"Menciones legales - favsneakers.com","og_description":"Menciones legales U&amp;M Online Marketing GbR Sulzbacher Str. 48 90489 Nuremberg Contacto: Correo electr\u00f3nico: hey@favsneakers.com Representantes autorizados: Nico M\u00e4rzh\u00e4user, Nikita Umanski-Kellnar Plataforma de la Comisi\u00f3n de la UE para la resoluci\u00f3n de litigios en l\u00ednea: https:\/\/ec.europa.eu\/consumers\/odr\/ No estamos obligados ni dispuestos a participar en un procedimiento de resoluci\u00f3n de litigios ante una junta arbitral de [&hellip;]","og_url":"https:\/\/favsneakers.com\/es\/menciones-legales\/","og_site_name":"favsneakers.com","article_modified_time":"2025-04-10T12:06:53+00:00","twitter_card":"summary_large_image","twitter_misc":{"Tiempo de lectura":"1 minuto"},"schema":{"@context":"https:\/\/schema.org","@graph":[{"@type":"WebPage","@id":"https:\/\/favsneakers.com\/es\/menciones-legales\/","url":"https:\/\/favsneakers.com\/es\/menciones-legales\/","name":"Menciones legales - favsneakers.com","isPartOf":{"@id":"https:\/\/favsneakers.com\/#website"},"datePublished":"2023-02-08T15:53:20+00:00","dateModified":"2025-04-10T12:06:53+00:00","breadcrumb":{"@id":"https:\/\/favsneakers.com\/es\/menciones-legales\/#breadcrumb"},"inLanguage":"es","potentialAction":[{"@type":"ReadAction","target":["https:\/\/favsneakers.com\/es\/menciones-legales\/"]}]},{"@type":"BreadcrumbList","@id":"https:\/\/favsneakers.com\/es\/menciones-legales\/#breadcrumb","itemListElement":[{"@type":"ListItem","position":1,"name":"Startseite","item":"https:\/\/favsneakers.com\/es\/"},{"@type":"ListItem","position":2,"name":"Menciones legales"}]},{"@type":"WebSite","@id":"https:\/\/favsneakers.com\/#website","url":"https:\/\/favsneakers.com\/","name":"favsneakers.com","description":"","potentialAction":[{"@type":"SearchAction","target":{"@type":"EntryPoint","urlTemplate":"https:\/\/favsneakers.com\/?s={search_term_string}"},"query-input":{"@type":"PropertyValueSpecification","valueRequired":true,"valueName":"search_term_string"}}],"inLanguage":"es"}]}},"_links":{"self":[{"href":"https:\/\/favsneakers.com\/es\/wp-json\/wp\/v2\/pages\/217","targetHints":{"allow":["GET"]}}],"collection":[{"href":"https:\/\/favsneakers.com\/es\/wp-json\/wp\/v2\/pages"}],"about":[{"href":"https:\/\/favsneakers.com\/es\/wp-json\/wp\/v2\/types\/page"}],"author":[{"embeddable":true,"href":"https:\/\/favsneakers.com\/es\/wp-json\/wp\/v2\/users\/2"}],"replies":[{"embeddable":true,"href":"https:\/\/favsneakers.com\/es\/wp-json\/wp\/v2\/comments?post=217"}],"version-history":[{"count":5,"href":"https:\/\/favsneakers.com\/es\/wp-json\/wp\/v2\/pages\/217\/revisions"}],"predecessor-version":[{"id":3311,"href":"https:\/\/favsneakers.com\/es\/wp-json\/wp\/v2\/pages\/217\/revisions\/3311"}],"wp:attachment":[{"href":"https:\/\/favsneakers.com\/es\/wp-json\/wp\/v2\/media?parent=217"}],"curies":[{"name":"wp","href":"https:\/\/api.w.org\/{rel}","templated":true}]}}